{"id":129,"date":"2023-06-10T11:45:08","date_gmt":"2023-06-10T08:45:08","guid":{"rendered":"https:\/\/demetdemircioglu.com\/?page_id=129"},"modified":"2025-05-23T19:46:59","modified_gmt":"2025-05-23T16:46:59","slug":"biyografi","status":"publish","type":"page","link":"https:\/\/demetdemircioglu.com\/de\/biographie\/","title":{"rendered":"Prof. Dr. Demet Demircioglu"},"content":{"rendered":"<div class=\"wp-block-group alignfull gutenify-section-b21966a0-6a6e-11ee-a24a-d5cb672d6aa6 has-background-background-color has-background is-content-justification-center is-layout-constrained wp-container-core-group-is-layout-8d7da819 wp-block-group-is-layout-constrained gtfy-12\" style=\"padding-top:var(--wp--preset--spacing--30);padding-right:var(--wp--preset--spacing--20);padding-bottom:var(--wp--preset--spacing--30);padding-left:var(--wp--preset--spacing--20)\">\n<div class=\"wp-block-columns biyografi-dis-sutun gutenify-section-b217e000-6a6e-11ee-a24a-d5cb672d6aa6 is-layout-flex wp-container-core-columns-is-layout-e0e4babd wp-block-columns-is-layout-flex gtfy-11\" style=\"padding-right:0;padding-left:0\">\n<div class=\"wp-block-column is-vertically-aligned-top biyografi-ic-sutun gutenify-section-b20c2030-6a6e-11ee-a24a-d5cb672d6aa6 is-content-justification-center is-layout-constrained wp-block-column-is-layout-constrained gtfy-2\">\n<figure class=\"wp-block-image size-full is-style-default gutenify-section-b20a9990-6a6e-11ee-a24a-d5cb672d6aa6 gtfy-1\"><img loading=\"lazy\" decoding=\"async\" width=\"1710\" height=\"2560\" src=\"https:\/\/demetdemircioglu.com\/wp-content\/uploads\/2023\/06\/PHOTO-2025-04-07-14-54-54-scaled.jpg\" alt=\"\" class=\"wp-image-2046\" style=\"object-fit:cover\" srcset=\"https:\/\/demetdemircioglu.com\/wp-content\/uploads\/2023\/06\/PHOTO-2025-04-07-14-54-54-scaled.jpg 1710w, https:\/\/demetdemircioglu.com\/wp-content\/uploads\/2023\/06\/PHOTO-2025-04-07-14-54-54-200x300.jpg 200w, https:\/\/demetdemircioglu.com\/wp-content\/uploads\/2023\/06\/PHOTO-2025-04-07-14-54-54-684x1024.jpg 684w\" sizes=\"auto, (max-width: 1710px) 100vw, 1710px\" \/><\/figure>\n<\/div>\n\n\n\n<div class=\"wp-block-column is-vertically-aligned-center gutenify-section-b216ce90-6a6e-11ee-a24a-d5cb672d6aa6 is-layout-constrained wp-container-core-column-is-layout-d6097f2c wp-block-column-is-layout-constrained gtfy-10\" style=\"padding-top:0;padding-right:0;padding-bottom:0;padding-left:0\">\n<h2 class=\"wp-block-heading gutenify-section-b20e9130-6a6e-11ee-a24a-d5cb672d6aa6 has-text-color has-medium-font-size gtfy-3\" id=\"we-are-full-site-editing\" style=\"color:#111946;font-style:normal;font-weight:300;line-height:1\">Wer bin ich? \u2013 <strong>Biographie<\/strong><\/h2>\n\n\n\n<p class=\"gtfy-4\">Prof. Dr. Demet Demircioglu<\/p>\n\n\n\n<p class=\"gutenify-section-0735fa40-fb1f-11ee-883f-39fb73ab802d has-foreground-color has-text-color has-link-color has-normal-font-size wp-elements-40c51e90087b2f5ebb723910fccf0b07 gtfy-5\">Er wurde am 30.09.1979 in Diyarbak\u0131r geboren. Er schloss seine Grund- und Sekundarschulausbildung an der Yeni\u015fehir-Grundschule bzw. der Diyarbak\u0131r Anatolian High School ab. Im Jahr 2003 schloss er sein Studium an der medizinischen Fakult\u00e4t der Universit\u00e4t Istanbul ab und erhielt den Titel eines Arztes. Im Jahr 2009 schloss er seine Ausbildung zum Facharzt f\u00fcr Physikalische Medizin und Rehabilitation am Istanbuler Trainings- und Forschungskrankenhaus f\u00fcr Physiotherapie und Rehabilitation des Gesundheitsministeriums ab.&nbsp;<\/p>\n\n\n\n<p class=\"gutenify-section-07370bb0-fb1f-11ee-883f-39fb73ab802d has-foreground-color has-text-color has-link-color has-normal-font-size wp-elements-667685e4073055502a8651f0df2cb2bd gtfy-6\">Zwischen 2009 und 2011 erf\u00fcllte er seinen Pflichtdienst als Facharzt im Malatya State Hospital des Gesundheitsministeriums.&nbsp;<\/p>\n\n\n\n<p class=\"gutenify-section-07381d20-fb1f-11ee-883f-39fb73ab802d has-foreground-color has-text-color has-link-color has-normal-font-size wp-elements-9e3d241a284258cc37e7d3c42210894c gtfy-7\">Von 2011 bis 2018 arbeitete er als Facharzt am Memorial Service Hospital. Im Jahr 2018 erhielt er vom Council of Higher Education den Titel eines au\u00dferordentlichen Professors. Er bestand die von der Abteilung f\u00fcr Physikalische Medizin und Rehabilitation der Europ\u00e4ischen Union der Fach\u00e4rzte (UEMS-PMR) organisierte Board-Pr\u00fcfung erfolgreich und erhielt ein Qualifikationszertifikat. Im Jahr 2023 wechselte er an die medizinische Fakult\u00e4t der Universit\u00e4t Istanbul Aydin und wurde im selben Jahr Professor f\u00fcr Physikalische Medizin und Rehabilitation.<\/p>\n\n\n\n<p class=\"gutenify-section-af403a30-cdc8-11ef-b35a-3515e1883056 has-foreground-color has-text-color has-link-color has-normal-font-size wp-elements-34cef58b20f46bf47b16dcc0a9df3142 gtfy-8\">Prof. Dr. Demet Tekd\u00f6\u015f Demircio\u011flu arbeitete in im Land t\u00e4tigen Verb\u00e4nden f\u00fcr physikalische Medizin und Rehabilitation. Er hat Buchkapitel, Artikel und Kongressvortr\u00e4ge zum Thema Physikalische Medizin und Rehabilitation im In- und Ausland ver\u00f6ffentlicht. Er arbeitet als Ausbilder bei nationalen und internationalen Schulungskongressen, die die Verbreitung aktueller physikalischer Behandlungs- und Rehabilitationspraktiken sicherstellen sollen. Seine beruflichen Interessen sind schmerzhafte Erkrankungen des Bewegungsapparates, Rehabilitation bei neurologischen Erkrankungen, klinische Platten, personalisierte Trainingsgestaltung und Haltungsst\u00f6rungen. Er wendet interventionelle Methoden effektiv an.<\/p>\n\n\n\n<p class=\"gutenify-section-073a18f0-fb1f-11ee-883f-39fb73ab802d has-foreground-color has-text-color has-link-color has-normal-font-size wp-elements-1551e5f11460d57104ae98a38c6c2fb4 gtfy-9\">Dar\u00fcber hinaus absolvierte er das PhD-Programm \u201eExosome Tissue Engineering\u201c an der \u0130stinye-Universit\u00e4t und setzt seine klinischen Anwendungen und wissenschaftlichen Studien auf diesem Gebiet fort. Derzeit arbeitet er in seiner eigenen Klinik und in der Ac\u0131badem Health Group. Er spricht und schreibt sehr gut Englisch.&nbsp;<\/p>\n<\/div>\n<\/div>\n<\/div>","protected":false},"excerpt":{"rendered":"<p>Ben Kimim? &#8211; Biyografi Prof. Dr. Demet Demircio\u011flu 30.09.1979\u2019da Diyarbak\u0131r\u2019da do\u011fdu. \u0130lk ve orta \u00f6\u011frenimini [&hellip;]<\/p>\n","protected":false},"author":1,"featured_media":0,"parent":0,"menu_order":0,"comment_status":"closed","ping_status":"closed","template":"","meta":{"_joinchat":[],"footnotes":""},"class_list":["post-129","page","type-page","status-publish","hentry"],"_links":{"self":[{"href":"https:\/\/demetdemircioglu.com\/de\/wp-json\/wp\/v2\/pages\/129","targetHints":{"allow":["GET"]}}],"collection":[{"href":"https:\/\/demetdemircioglu.com\/de\/wp-json\/wp\/v2\/pages"}],"about":[{"href":"https:\/\/demetdemircioglu.com\/de\/wp-json\/wp\/v2\/types\/page"}],"author":[{"embeddable":true,"href":"https:\/\/demetdemircioglu.com\/de\/wp-json\/wp\/v2\/users\/1"}],"replies":[{"embeddable":true,"href":"https:\/\/demetdemircioglu.com\/de\/wp-json\/wp\/v2\/comments?post=129"}],"version-history":[{"count":0,"href":"https:\/\/demetdemircioglu.com\/de\/wp-json\/wp\/v2\/pages\/129\/revisions"}],"wp:attachment":[{"href":"https:\/\/demetdemircioglu.com\/de\/wp-json\/wp\/v2\/media?parent=129"}],"curies":[{"name":"wp","href":"https:\/\/api.w.org\/{rel}","templated":true}]}}