{"id":578,"date":"2024-04-06T10:28:16","date_gmt":"2024-04-06T07:28:16","guid":{"rendered":"https:\/\/demetdemircioglu.com\/?page_id=578"},"modified":"2025-03-24T17:49:38","modified_gmt":"2025-03-24T14:49:38","slug":"kvkk","status":"publish","type":"page","link":"https:\/\/demetdemircioglu.com\/de\/kvkk\/","title":{"rendered":"KVKK"},"content":{"rendered":"<p>Zum Schutz personenbezogener Daten<br \/>\nAllgemeiner Informationstext der Website<\/p>\n<p>Datenverantwortlicher: Prof. Dr. Demet Tekd\u00f6\u015f Demircio\u011flu<br \/>\nAdresse: Zuhuratbaba, Haksever Sk. No:12\/b, 34147 Bak\u0131rk\u00f6y\/\u0130stanbul, T\u00fcrkiye<br \/>\nTelefon: 0531 590 51 17<\/p>\n<p>Ihre personenbezogenen und besonderen personenbezogenen Daten, die Sie mitgeteilt haben, werden in begrenztem Umfang und gem\u00e4\u00df dem Gesetz zum Schutz personenbezogener Daten (KVKK) und im Zusammenhang mit unseren Dienstleistungs- und T\u00e4tigkeitszwecken im Rahmen der medizinischen Gesetzgebung verarbeitet. Bitte lesen Sie auch den Patienten-KVKK-Informationstext, der f\u00fcr unsere Patienten erstellt wurde.<\/p>\n<p>Die Erhebung Ihrer personenbezogenen Daten erfolgt m\u00fcndlich, schriftlich, per WhatsApp oder elektronisch. Wenn Sie das Formular im Bereich \u201eKontakt\u201c auf unserer Website ausf\u00fcllen, erfolgt eine Datenerhebung im Zusammenhang mit dem Zweck. Ihre pers\u00f6nlichen Daten; Untersuchungsinformationen, Gesundheitsdaten, Behandlungsunterlagen, verschiedene schriftliche und m\u00fcndliche Vertr\u00e4ge, Petitionen, Interviews, Visitenkarten und alle Arten von Dokumenten, die im Rahmen von Gerichtsverfahren oder Vollstreckungsverfahren erhalten werden, werden entsprechend der Situation des konkreten Ereignisses verarbeitet, das von den bereitgestellten Gesundheitsdiensten gefordert wird. \u00dcber unsere Website werden keine Daten verarbeitet und Protokollaufzeichnungen des Internetzugriffs (IP-Adresse und Zeitstempel, Verkehrsinformationen) werden vom IT-Unternehmen des Domainnamenanbieters im Rahmen des Gesetzes Nr. 5651 gespeichert. Auf unserer Website werden keine Cookies verwendet. Die Website wurde eingerichtet, um Informationen zu den Adress-, Kontakt- und Servicebereichen bereitzustellen.<\/p>\n<p>Zu den rechtlichen Gr\u00fcnden f\u00fcr die Verarbeitung Ihrer personenbezogenen Daten geh\u00f6ren: Zu den steuerrechtlichen Vorg\u00e4ngen geh\u00f6ren die Pflichten nach dem Gesetz, die Erf\u00fcllung der Pflichten zur Aktenf\u00fchrung, die Aufbewahrung und Weitergabe von Informationen an die zust\u00e4ndigen Beh\u00f6rden aus dem Gesundheitsrecht, die Vertragsabwicklung, der Schutz unserer Rechte und Forderungen sowie ggf. die ausdr\u00fcckliche Einwilligung.<\/p>\n<p>Ihre personenbezogenen Daten werden f\u00fcr die im Rahmen der KVKK und anderer Gesundheitsgesetze festgelegten Zwecke verarbeitet und f\u00fcr die gesetzlich festgelegten Zeitr\u00e4ume gespeichert. Am Ende ihrer Speicherdauer werden digitale Daten unwiderruflich gel\u00f6scht, w\u00e4hrend Papierdaten beschnitten und vernichtet werden.<\/p>\n<p>Eine \u00dcbermittlung Ihrer personenbezogenen Daten ins Ausland erfolgt grunds\u00e4tzlich nicht, kann jedoch aufgrund der genutzten Datenbank, E-Mail-Dienste und \u00e4hnlicher ausl\u00e4ndischer Dienste im Ausland verarbeitet werden. Die Daten von Personen, die uns aus dem Ausland kontaktieren, k\u00f6nnen bei Bedarf an Adressen im Ausland weitergegeben werden.<\/p>\n<p>Im Rahmen des Art. 11 KVKK stehen Ihnen hinsichtlich Ihrer personenbezogenen Daten verschiedene Rechte zu. Senden Sie Ihre Anfragen an \u201eZuhuratbaba, Haksever Sk.\u201c Sie k\u00f6nnen es per Post mit nasser Unterschrift an unsere Adresse \u201eNo:12\/b, 34147 Bak\u0131rk\u00f6y\/\u0130stanbul\u201c senden. Die Identit\u00e4tspr\u00fcfung beschr\u00e4nkt sich auf die verf\u00fcgbaren Informationen und f\u00fcr Situationen, die eine besondere Befugnis erfordern, ist eine Vollmacht erforderlich. Durch die \u00dcbermittlung Ihrer eindeutigen Anfragen an uns \u00fcber das Antragsformular auf unserer Website stellen wir sicher, dass die Transaktion schnell und klar abgeschlossen wird.<\/p>","protected":false},"excerpt":{"rendered":"<p>Ki\u015fisel Verilerin Korunmas\u0131na \u0130li\u015fkin Web Sitesi Genel Ayd\u0131nlatma Metni Veri Sorumlusu: Prof. Dr. Demet Tekd\u00f6\u015f [&hellip;]<\/p>\n","protected":false},"author":1,"featured_media":0,"parent":0,"menu_order":0,"comment_status":"closed","ping_status":"closed","template":"","meta":{"_joinchat":[],"footnotes":""},"class_list":["post-578","page","type-page","status-publish","hentry"],"_links":{"self":[{"href":"https:\/\/demetdemircioglu.com\/de\/wp-json\/wp\/v2\/pages\/578","targetHints":{"allow":["GET"]}}],"collection":[{"href":"https:\/\/demetdemircioglu.com\/de\/wp-json\/wp\/v2\/pages"}],"about":[{"href":"https:\/\/demetdemircioglu.com\/de\/wp-json\/wp\/v2\/types\/page"}],"author":[{"embeddable":true,"href":"https:\/\/demetdemircioglu.com\/de\/wp-json\/wp\/v2\/users\/1"}],"replies":[{"embeddable":true,"href":"https:\/\/demetdemircioglu.com\/de\/wp-json\/wp\/v2\/comments?post=578"}],"version-history":[{"count":0,"href":"https:\/\/demetdemircioglu.com\/de\/wp-json\/wp\/v2\/pages\/578\/revisions"}],"wp:attachment":[{"href":"https:\/\/demetdemircioglu.com\/de\/wp-json\/wp\/v2\/media?parent=578"}],"curies":[{"name":"wp","href":"https:\/\/api.w.org\/{rel}","templated":true}]}}