{"id":580,"date":"2024-04-06T10:34:33","date_gmt":"2024-04-06T07:34:33","guid":{"rendered":"https:\/\/demetdemircioglu.com\/?page_id=580"},"modified":"2024-04-06T10:34:35","modified_gmt":"2024-04-06T07:34:35","slug":"hasta-aydinlatma-metni","status":"publish","type":"page","link":"https:\/\/demetdemircioglu.com\/de\/patienteninformationstext\/","title":{"rendered":"Patienteninformationstext"},"content":{"rendered":"<p>Patienteninformationstext<\/p>\n<p>Datenverantwortlicher: Prof. Dr. Demet Tekd\u00f6\u015f Demircio\u011flu<\/p>\n<p>Adresse: Zuhuratbaba, Haksever Sk. No:12\/b, 34147 Bak\u0131rk\u00f6y\/\u0130stanbul, T\u00fcrkiye<\/p>\n<p>Sehr geehrte Patienten, Ihre pers\u00f6nlichen Daten\/speziellen Daten, die Sie Ihnen als \u201eDatenverantwortlicher\u201c gem\u00e4\u00df dem Gesetz zum Schutz personenbezogener Daten Nr. 6698 (KVKK) mitgeteilt haben, werden im Zusammenhang mit dem Zweck in begrenztem Umfang und in angemessener Weise verarbeitet.<\/p>\n<p>Ihre personenbezogenen Daten k\u00f6nnen von zur Verschwiegenheit verpflichteten Personen oder autorisierten Institutionen und Organisationen zum Zwecke der Planung, Durchf\u00fchrung und Verwaltung von Gesundheitsdienstleistungen verarbeitet werden, ohne dass eine ausdr\u00fcckliche Einwilligung der betroffenen Person eingeholt werden muss. Wir verarbeiten Ihre personenbezogenen Daten, einschlie\u00dflich Finanz- und Servicedaten, die f\u00fcr Abrechnungsvorg\u00e4nge und zur Erf\u00fcllung gesetzlicher Verpflichtungen erforderlich sind.<\/p>\n<p>Ihre personenbezogenen Daten, abh\u00e4ngig von der Art der von uns erbrachten Gesundheitsdienstleistungen; Die Erfassung erfolgt auf unterschiedliche Weise, z. B. m\u00fcndlich, schriftlich, visuell oder elektronisch. Die Zwecke, zu denen wir Ihre Daten verarbeiten, sind die Erbringung von Gesundheitsdienstleistungen, die Erf\u00fcllung gesetzlicher Verpflichtungen, die Finanzverwaltung und die Bereitstellung eines besseren Service f\u00fcr Sie.<\/p>\n<p>Ihre erfassten personenbezogenen Daten k\u00f6nnen im Rahmen der gesetzlichen Verpflichtungen an das Gesundheitsministerium und andere relevante \u00f6ffentliche Institutionen und Organisationen weitergegeben werden. Dar\u00fcber hinaus k\u00f6nnen sie bei Bedarf an Justizbeh\u00f6rden weitergegeben werden, um unser Recht auf Verteidigung in Gerichtsverfahren auszu\u00fcben.<\/p>\n<p>Ihre erhaltenen personenbezogenen Daten werden gesch\u00fctzt und gespeichert, indem alle erforderlichen Sicherheitsma\u00dfnahmen gem\u00e4\u00df KVKK und anderen relevanten gesetzlichen Bestimmungen ergriffen werden. Ihre personenbezogenen Daten werden nach Ablauf der in den jeweiligen Rechtsvorschriften vorgesehenen Aufbewahrungsfristen aus unseren Systemen gel\u00f6scht und\/oder anonymisiert.<\/p>\n<p>Die Aufbewahrungsdauer Ihrer personenbezogenen Daten betr\u00e4gt mindestens 20 Jahre, entsprechend den in den einschl\u00e4gigen Rechtsvorschriften festgelegten Mindestfristen, und betr\u00e4gt 30 Jahre ab dem Ende unseres Behandlungsverh\u00e4ltnisses.<\/p>\n<p>Im Rahmen von Artikel 11 des KVKK k\u00f6nnen Sie Ihre Anfragen bez\u00fcglich Ihrer Rechte in Bezug auf Ihre personenbezogenen Daten an \u201eZuhuratbaba, Haksever Sk.\u201c richten. Sie k\u00f6nnen Ihre schriftliche Anfrage mit nasser Unterschrift per Hand oder per Post an unsere Adresse \u201eNo:12\/b, 34147 Bak\u0131rk\u00f6y\/\u0130stanbul\u201c senden.<\/p>\n<p>Um diese Rechte aus\u00fcben zu k\u00f6nnen, m\u00fcssen Ihre Identit\u00e4ts- und Adressdaten in Ihren Anfragen enthalten sein. F\u00fcr die Antragstellung im Namen einer anderen Person ist eine Vollmacht mit besonderer Vollmacht erforderlich. Durch die klare Formulierung Ihrer W\u00fcnsche wird sichergestellt, dass die Transaktion schnell und klar durchgef\u00fchrt wird.<\/p>","protected":false},"excerpt":{"rendered":"<p>Hasta Ayd\u0131nlatma Metni Veri Sorumlusu: Prof. Dr. Demet Tekd\u00f6\u015f Demircio\u011flu Adres: Zuhuratbaba, Haksever Sk. No:12\/b, [&hellip;]<\/p>\n","protected":false},"author":1,"featured_media":0,"parent":0,"menu_order":0,"comment_status":"closed","ping_status":"closed","template":"","meta":{"_gutenify_countdown_timer_type":"fixed","_gutenify_countdown_timer_evergreen_hours":24,"_gutenify_countdown_timer_evergreen_minutes":0,"_gutenify_countdown_timer_date":"","_gutenify_countdown_timer_timezone":"US\/Eastern","_gutenify_countdown_timer_end_action":"none","_gutenify_countdown_timer_hide_selector":"","_gutenify_countdown_timer_redirect_url":"","_joinchat":[],"footnotes":""},"class_list":["post-580","page","type-page","status-publish","hentry"],"_links":{"self":[{"href":"https:\/\/demetdemircioglu.com\/de\/wp-json\/wp\/v2\/pages\/580","targetHints":{"allow":["GET"]}}],"collection":[{"href":"https:\/\/demetdemircioglu.com\/de\/wp-json\/wp\/v2\/pages"}],"about":[{"href":"https:\/\/demetdemircioglu.com\/de\/wp-json\/wp\/v2\/types\/page"}],"author":[{"embeddable":true,"href":"https:\/\/demetdemircioglu.com\/de\/wp-json\/wp\/v2\/users\/1"}],"replies":[{"embeddable":true,"href":"https:\/\/demetdemircioglu.com\/de\/wp-json\/wp\/v2\/comments?post=580"}],"version-history":[{"count":0,"href":"https:\/\/demetdemircioglu.com\/de\/wp-json\/wp\/v2\/pages\/580\/revisions"}],"wp:attachment":[{"href":"https:\/\/demetdemircioglu.com\/de\/wp-json\/wp\/v2\/media?parent=580"}],"curies":[{"name":"wp","href":"https:\/\/api.w.org\/{rel}","templated":true}]}}