{"id":583,"date":"2024-04-06T10:43:22","date_gmt":"2024-04-06T07:43:22","guid":{"rendered":"https:\/\/demetdemircioglu.com\/?page_id=583"},"modified":"2024-04-06T10:43:24","modified_gmt":"2024-04-06T07:43:24","slug":"cerez-politikasi","status":"publish","type":"page","link":"https:\/\/demetdemircioglu.com\/de\/cookie-richtlinie\/","title":{"rendered":"Cookie-Richtlinie"},"content":{"rendered":"<p>Wir m\u00f6chten Sie, unsere gesch\u00e4tzten Besucher, \u00fcber die Arten der auf unserer Website verwendeten Cookies, deren Verwendungszwecke und dar\u00fcber informieren, wie Sie die Einstellungen dieser Cookies verwalten und l\u00f6schen k\u00f6nnen. Sie k\u00f6nnen unsere Website besuchen, ohne Ihre pers\u00f6nlichen Daten preiszugeben, und Ihren Bed\u00fcrfnissen gerecht werden, indem Sie Informationen \u00fcber unsere Behandlungen und Dienstleistungen erhalten. Wir verwenden Cookies, um Informationen \u00fcber Ihre Nutzung der Website zu sammeln und unsere Website kontinuierlich zu verbessern. Unser Ziel ist es, den Benutzern, die unsere Website besuchen, Komfort zu bieten und den Betrieb der Website zu verbessern.<\/p>\n<p>Was ist ein Cookie?<br \/>\nAls Cookies werden kleine Textdateien bezeichnet, die beim Besuch einer Website \u00fcber Ihren Browser auf Ihrem Ger\u00e4t gespeichert werden. Cookies sorgen nicht nur daf\u00fcr, dass Websites effizienter funktionieren, sondern erm\u00f6glichen auch die Bereitstellung personalisierter Seiten, um Ihr pers\u00f6nliches Besuchserlebnis zu verbessern.<\/p>\n<p>Cookie-Typen und Verwendungszwecke:<br \/>\nAbh\u00e4ngig von ihrer G\u00fcltigkeitsdauer werden Cookies in zwei Kategorien eingeteilt: permanent und tempor\u00e4r. Auf unserer Website werden zwingend erforderliche Cookies, Funktionscookies, Leistungs- und Analysecookies sowie Targeting- und Werbecookies verwendet.<\/p>\n<p>Obligatorische Cookies: Werden verwendet, um die Grundfunktionen unserer Website auszuf\u00fchren.<br \/>\nFunktionalit\u00e4tscookies: Helfen uns, Benutzerpr\u00e4ferenzen zu speichern.<br \/>\nLeistungs- und Analyse-Cookies: Werden verwendet, um die Leistung unserer Website zu messen und zu verbessern.<br \/>\nTargeting- und Werbe-Cookies: Erm\u00f6glichen uns die Bereitstellung relevanter und personalisierter Anzeigen.<br \/>\nWie werden Cookies gesammelt?<br \/>\nCookies werden \u00fcber die Ger\u00e4te erfasst, von denen aus Sie auf Ihren Browser zugreifen, und diese Informationen sind nur f\u00fcr Ihr Ger\u00e4t spezifisch.<\/p>\n<p>Unsere Datenschutzrichtlinie:<br \/>\nIhre Datenschutz- und Sicherheitsrechte sind f\u00fcr uns von wesentlicher Bedeutung. Es wurden die zuverl\u00e4ssigste Infrastruktur und Vorkehrungen getroffen, um die Privatsph\u00e4re Ihrer pers\u00f6nlichen Daten zu sch\u00fctzen.<\/p>\n<p>Wie k\u00f6nnen Sie Cookies kontrollieren?<br \/>\nNormalerweise akzeptieren Browser Cookies automatisch. Sie k\u00f6nnen Cookies jedoch l\u00f6schen oder verhindern, dass Cookies in Ihrem Browser gespeichert werden, wenn Sie dies w\u00fcnschen. Die Einstellungen f\u00fcr die Cookie-Verwaltung k\u00f6nnen je nach Browser variieren. Detaillierte Informationen finden Sie im Hilfemen\u00fc Ihres Browsers.<\/p>\n<p>So steuern Sie Cookies auf Ihrem Mobilger\u00e4t:<\/p>\n<p>iOS-Ger\u00e4te: Sie k\u00f6nnen \u201eEinstellungen -&gt; Safari -&gt; Verlauf und Website-Daten l\u00f6schen\u201c folgen.<br \/>\nAndroid-Ger\u00e4te: Sie k\u00f6nnen die Option \u201eChrome-Anwendung -&gt; Einstellungen -&gt; Datenschutz -&gt; Browserdaten l\u00f6schen\u201c verwenden.<br \/>\nDas L\u00f6schen von Cookies kann dazu f\u00fchren, dass Sie einige Ihrer Pr\u00e4ferenzen auf unserer Website verlieren und einige Funktionen unserer Website m\u00f6glicherweise nicht ordnungsgem\u00e4\u00df funktionieren. \u00dcber den Link auf unserer Website finden Sie unseren KVKK-Informationstext zu Cookies.<\/p>","protected":false},"excerpt":{"rendered":"<p>Web sitemizde kullan\u0131lan \u00e7erez t\u00fcrleri, kullan\u0131m ama\u00e7lar\u0131 ve bu \u00e7erezlerin ayarlar\u0131n\u0131n nas\u0131l y\u00f6netilip silinece\u011fi hakk\u0131nda [&hellip;]<\/p>\n","protected":false},"author":1,"featured_media":0,"parent":0,"menu_order":0,"comment_status":"closed","ping_status":"closed","template":"","meta":{"_joinchat":[],"footnotes":""},"class_list":["post-583","page","type-page","status-publish","hentry"],"_links":{"self":[{"href":"https:\/\/demetdemircioglu.com\/de\/wp-json\/wp\/v2\/pages\/583","targetHints":{"allow":["GET"]}}],"collection":[{"href":"https:\/\/demetdemircioglu.com\/de\/wp-json\/wp\/v2\/pages"}],"about":[{"href":"https:\/\/demetdemircioglu.com\/de\/wp-json\/wp\/v2\/types\/page"}],"author":[{"embeddable":true,"href":"https:\/\/demetdemircioglu.com\/de\/wp-json\/wp\/v2\/users\/1"}],"replies":[{"embeddable":true,"href":"https:\/\/demetdemircioglu.com\/de\/wp-json\/wp\/v2\/comments?post=583"}],"version-history":[{"count":0,"href":"https:\/\/demetdemircioglu.com\/de\/wp-json\/wp\/v2\/pages\/583\/revisions"}],"wp:attachment":[{"href":"https:\/\/demetdemircioglu.com\/de\/wp-json\/wp\/v2\/media?parent=583"}],"curies":[{"name":"wp","href":"https:\/\/api.w.org\/{rel}","templated":true}]}}