{"id":587,"date":"2024-04-06T10:50:06","date_gmt":"2024-04-06T07:50:06","guid":{"rendered":"https:\/\/demetdemircioglu.com\/?page_id=587"},"modified":"2024-04-06T10:50:08","modified_gmt":"2024-04-06T07:50:08","slug":"gizlilik-politikasi","status":"publish","type":"page","link":"https:\/\/demetdemircioglu.com\/de\/datenschutzrichtlinie\/","title":{"rendered":"Datenschutzrichtlinie"},"content":{"rendered":"<p>April 2024<\/p>\n<p>Prof. Dr. Die Klinik Demet Tekd\u00f6\u015f Demircio\u011flu (\u201ewir\u201c, \u201eunser\u201c) betreibt die Website demetdemircioglu.com (\u201eDienst\u201c).<\/p>\n<p>Auf dieser Seite informieren wir Sie \u00fcber unsere Richtlinien zur Erhebung, Nutzung und Offenlegung personenbezogener Daten sowie \u00fcber die mit diesen Daten verbundenen Wahlm\u00f6glichkeiten bei der Nutzung unseres Dienstes. Durch die Nutzung des Dienstes stimmen Sie der Erhebung und Nutzung von Daten gem\u00e4\u00df dieser Richtlinie zu. Sofern in dieser Datenschutzrichtlinie nicht anders definiert, haben die in dieser Datenschutzrichtlinie verwendeten Begriffe dieselbe Bedeutung wie in unseren Allgemeinen Gesch\u00e4ftsbedingungen, die unter demetdemircioglu.com abrufbar sind.<\/p>\n<p>Wer sind wir?<\/p>\n<p>Gem\u00e4\u00df der Datenschutz-Grundverordnung (DSGVO) fungieren wir als \u201eDatenverantwortlicher\u201c im Sinne der Verordnung des Europ\u00e4ischen Parlaments und des Rates vom 27. April 2016 zum Schutz nat\u00fcrlicher Personen bei der Verarbeitung von personenbezogener Daten und zum freien Datenverkehr:<\/p>\n<p>Unsere Website: demetdemircioglu.com<br \/>\nFirmenname: Prof. Dr. Demet Tekd\u00f6\u015f Demircio\u011flu Klinik<br \/>\nEingetragener Sitz: Zuhuratbaba, Haksever Sk. Nr.:12\/b, 34147 Bak\u0131rk\u00f6y\/\u0130stanbul<br \/>\nBei allen Fragen zum Datenschutz wenden Sie sich bitte an: drdemetdemircioglu@gmail.com<br \/>\nInformationen, die gesammelt und verwendet werden k\u00f6nnen<\/p>\n<p>Wir sammeln verschiedene Arten von Informationen f\u00fcr verschiedene Zwecke, um unseren Service bereitzustellen und zu verbessern.<\/p>\n<p>Arten von Daten, die erfasst werden k\u00f6nnen:<\/p>\n<p>Pers\u00f6nliche Daten: Informationen, die dazu verwendet werden k\u00f6nnen, Sie bei der Nutzung unseres Dienstes zu kontaktieren oder zu identifizieren. Dazu k\u00f6nnen Informationen wie E-Mail-Adresse, Vor- und Nachname sowie Telefonnummer geh\u00f6ren.<br \/>\nNutzungsdaten: Informationen dar\u00fcber, wie auf den Dienst zugegriffen und er genutzt wird. Dazu k\u00f6nnen Informationen wie die Internetprotokolladresse (IP-Adresse) Ihres Ger\u00e4ts, der Browsertyp und die von Ihnen besuchten Seiten geh\u00f6ren.<br \/>\nCookies und \u00e4hnliche Technologien: Werden verwendet, um Aktivit\u00e4ten auf unserem Dienst zu verfolgen und bestimmte Informationen zu speichern.<br \/>\nDatennutzung<\/p>\n<p>Wir verwenden die erfassten Daten, um den Service bereitzustellen und aufrechtzuerhalten, Sie \u00fcber \u00c4nderungen an unserem Service zu informieren, Kundendienst und Support bereitzustellen, den Service zu verbessern und zu analysieren sowie technische Probleme zu erkennen, zu verhindern und zu beheben.<\/p>\n<p>Daten\u00fcbertragung<\/p>\n<p>Ihre personenbezogenen Daten werden m\u00f6glicherweise in ein Land \u00fcbertragen, in dem die Datenschutzgesetze von denen in Ihrem Land abweichen k\u00f6nnen. Indem Sie diese Richtlinie akzeptieren, stimmen Sie einer solchen \u00dcbertragung zu.<\/p>\n<p>Datensicherheit<\/p>\n<p>Verilerinizin g\u00fcvenli\u011fi \u00f6nemlidir, ancak internet \u00fczerinden veya elektronik depolama y\u00f6ntemleri arac\u0131l\u0131\u011f\u0131yla aktar\u0131mlar\u0131n %100 g\u00fcvenli olmad\u0131\u011f\u0131n\u0131 unutmay\u0131n. Veri g\u00fcvenli\u011fini sa\u011flamak i\u00e7in ticari olarak kabul edilebilir y\u00f6ntemleri kullan\u0131r\u0131z ancak mutlak g\u00fcvenlik garantisi veremeyiz.<\/p>\n<p>Privatsph\u00e4re von Kindern<\/p>\n<p>Unser Service richtet sich nicht an Personen unter 18 Jahren. Wir erheben wissentlich keine personenbezogenen Daten von Personen unter 18 Jahren.<\/p>\n<p>\u00c4nderungen der Datenschutzrichtlinie<\/p>\n<p>Wir k\u00f6nnen unsere Datenschutzrichtlinie von Zeit zu Zeit aktualisieren. Wir werden Sie \u00fcber die \u00c4nderungen informieren, indem wir die neue Richtlinie auf dieser Seite ver\u00f6ffentlichen.<\/p>\n<p>Wenn Sie Fragen zu dieser Datenschutzrichtlinie haben, kontaktieren Sie uns bitte unter drdemetdemircioglu@gmail.com.<\/p>","protected":false},"excerpt":{"rendered":"<p>Nisan, 2024 Prof. Dr. Demet Tekd\u00f6\u015f Demircio\u011flu Klini\u011fi (&#8220;biz&#8221;, &#8220;bizim&#8221;) demetdemircioglu.com web sitesini (&#8220;Hizmet&#8221;) i\u015fletmektedir. [&hellip;]<\/p>\n","protected":false},"author":1,"featured_media":0,"parent":0,"menu_order":0,"comment_status":"closed","ping_status":"closed","template":"","meta":{"_joinchat":[],"footnotes":""},"class_list":["post-587","page","type-page","status-publish","hentry"],"_links":{"self":[{"href":"https:\/\/demetdemircioglu.com\/de\/wp-json\/wp\/v2\/pages\/587","targetHints":{"allow":["GET"]}}],"collection":[{"href":"https:\/\/demetdemircioglu.com\/de\/wp-json\/wp\/v2\/pages"}],"about":[{"href":"https:\/\/demetdemircioglu.com\/de\/wp-json\/wp\/v2\/types\/page"}],"author":[{"embeddable":true,"href":"https:\/\/demetdemircioglu.com\/de\/wp-json\/wp\/v2\/users\/1"}],"replies":[{"embeddable":true,"href":"https:\/\/demetdemircioglu.com\/de\/wp-json\/wp\/v2\/comments?post=587"}],"version-history":[{"count":0,"href":"https:\/\/demetdemircioglu.com\/de\/wp-json\/wp\/v2\/pages\/587\/revisions"}],"wp:attachment":[{"href":"https:\/\/demetdemircioglu.com\/de\/wp-json\/wp\/v2\/media?parent=587"}],"curies":[{"name":"wp","href":"https:\/\/api.w.org\/{rel}","templated":true}]}}