{"id":578,"date":"2024-04-06T10:28:16","date_gmt":"2024-04-06T07:28:16","guid":{"rendered":"https:\/\/demetdemircioglu.com\/?page_id=578"},"modified":"2025-03-24T17:49:38","modified_gmt":"2025-03-24T14:49:38","slug":"kvkk","status":"publish","type":"page","link":"https:\/\/demetdemircioglu.com\/en\/kvkk\/","title":{"rendered":"KVKK"},"content":{"rendered":"<p>Regarding the Protection of Personal Data<br \/>\nWebsite General Information Text<\/p>\n<p>Data Officer: Prof. Dr. Demet Tekd\u00f6\u015f Demircio\u011flu<br \/>\nAddress: Zuhuratbaba, Haksever Sk. No:12\/b, 34147 Bak\u0131rk\u00f6y\/\u0130stanbul, T\u00fcrkiye<br \/>\nPhone: 0531 590 51 17<\/p>\n<p>The personal and special personal data you share are processed in a limited and proportionate manner in accordance with the Personal Data Protection Law (KVKK) and in connection with the service and activity purposes we fulfill within the scope of medical legislation. Please also read the Patient KVKK Information Text prepared for our patients.<\/p>\n<p>Your personal data is collected verbally, in writing, via WhatsApp or electronically. When you fill out the form in the \u201ccontact us\u201d section on our website, data collection activities related to the purpose are carried out here. Your personal data; examination information, health data, treatment records, various written-verbal contracts, petitions, interviews, business cards, all kinds of documents obtained in lawsuits or enforcement proceedings are processed according to the concrete situation required by the health services provided. No data is processed through our website, and internet access logs (IP address and timestamp, traffic information) are kept by the domain name provider IT company within the scope of Law No. 5651. Cookies are not used on our website. The website has been put into practice in order to provide information about the address, communication and service areas.<\/p>\n<p>The legal reasons for processing your personal data include; obligations required by law in taxation processes, fulfillment of obligations to keep files, store files and share information with authorized authorities arising from health legislation, performance of the contract, protection of our rights and receivables and, when necessary, explicit consent.<\/p>\n<p>Your personal data will be processed for the purposes specified within the framework of KVKK and other health-related legislation and will be stored for the periods specified by the legislation. At the end of the storage periods, digital data will be irreversibly deleted, while data on paper will be trimmed and destroyed.<\/p>\n<p>In principle, your personal data is not transferred abroad, however, due to the database used, e-mail services and similar services originating from abroad, processing abroad may be possible. The data of persons who contact us from abroad may be shared with addresses abroad when necessary.<\/p>\n<p>Within the scope of Article 11 of the KVKK, you have various rights regarding your personal data. You can send your requests to our address \u201cZuhuratbaba, Haksever Sk. No:12\/b, 34147 Bak\u0131rk\u00f6y\/\u0130stanbul\u201d by post with a wet signature. Identity verification will be limited to the current information, and a power of attorney will be required for situations involving special authority. Sending us your clear requests using the application form on our website will ensure that the process is carried out quickly and clearly.<\/p>","protected":false},"excerpt":{"rendered":"<p>Ki\u015fisel Verilerin Korunmas\u0131na \u0130li\u015fkin Web Sitesi Genel Ayd\u0131nlatma Metni Veri Sorumlusu: Prof. Dr. Demet Tekd\u00f6\u015f [&hellip;]<\/p>\n","protected":false},"author":1,"featured_media":0,"parent":0,"menu_order":0,"comment_status":"closed","ping_status":"closed","template":"","meta":{"_joinchat":[],"footnotes":""},"class_list":["post-578","page","type-page","status-publish","hentry"],"_links":{"self":[{"href":"https:\/\/demetdemircioglu.com\/en\/wp-json\/wp\/v2\/pages\/578","targetHints":{"allow":["GET"]}}],"collection":[{"href":"https:\/\/demetdemircioglu.com\/en\/wp-json\/wp\/v2\/pages"}],"about":[{"href":"https:\/\/demetdemircioglu.com\/en\/wp-json\/wp\/v2\/types\/page"}],"author":[{"embeddable":true,"href":"https:\/\/demetdemircioglu.com\/en\/wp-json\/wp\/v2\/users\/1"}],"replies":[{"embeddable":true,"href":"https:\/\/demetdemircioglu.com\/en\/wp-json\/wp\/v2\/comments?post=578"}],"version-history":[{"count":0,"href":"https:\/\/demetdemircioglu.com\/en\/wp-json\/wp\/v2\/pages\/578\/revisions"}],"wp:attachment":[{"href":"https:\/\/demetdemircioglu.com\/en\/wp-json\/wp\/v2\/media?parent=578"}],"curies":[{"name":"wp","href":"https:\/\/api.w.org\/{rel}","templated":true}]}}