{"id":587,"date":"2024-04-06T10:50:06","date_gmt":"2024-04-06T07:50:06","guid":{"rendered":"https:\/\/demetdemircioglu.com\/?page_id=587"},"modified":"2024-04-06T10:50:08","modified_gmt":"2024-04-06T07:50:08","slug":"gizlilik-politikasi","status":"publish","type":"page","link":"https:\/\/demetdemircioglu.com\/en\/privacy-policy\/","title":{"rendered":"Privacy Policy"},"content":{"rendered":"<p>April, 2024<\/p>\n<p>Prof. Dr. Demet Tekd\u00f6\u015f Demircio\u011flu Clinic (\u201cwe\u201d, \u201cour\u201d) operates the demetdemircioglu.com website (\u201cService\u201d).<\/p>\n<p>This page informs you of our policies regarding the collection, use, and disclosure of personal data when you use our Service and the choices you have associated with that data. By using the Service, you agree to the collection and use of data in accordance with this policy. Unless otherwise defined in this Privacy Policy, terms used in this Privacy Policy have the same meanings as in our Terms and Conditions, accessible at demetdemircioglu.com.<\/p>\n<p>Who Are We?<\/p>\n<p>In accordance with the General Data Protection Regulation (GDPR), we act as a \u2018data controller\u2019 as defined in the Directive of the European Parliament and of the Council of 27 April 2016 on the protection of natural persons with regard to the processing of personal data and on the free movement of such data:<\/p>\n<p>Our website: demetdemircioglu.com<br \/>\nCompany Name: Prof. Dr. Demet Tekd\u00f6\u015f Demircio\u011flu Clinic<br \/>\nRegistered Address: Zuhuratbaba, Haksever Sk. No:12\/b, 34147 Bak\u0131rk\u00f6y\/\u0130stanbul<br \/>\nFor all your questions regarding privacy, please contact: drdemetdemircioglu@gmail.com<br \/>\nInformation That May Be Collected and Used<\/p>\n<p>We collect several different types of information for various purposes to provide and improve our Service.<\/p>\n<p>Types of Data That May Be Collected:<\/p>\n<p>Personal Data: Information that can be used to contact or identify you when using our Service. This may include information such as email address, first and last name, telephone number.<br \/>\nUsage Data: Information about how the Service is accessed and used. This may include information such as your device&#039;s Internet Protocol address (IP address), browser type, pages you visit.<br \/>\nCookies and Similar Technologies: Used to track activity on our Service and hold certain information.<br \/>\nData Usage<\/p>\n<p>We use collected data to provide and maintain the Service, notify you about changes to our Service, provide customer service and support, improve and analyze the Service, and detect, prevent and address technical issues.<\/p>\n<p>Data Transfer<\/p>\n<p>Your personal data may be transferred to a country with data protection laws that may differ from those in your jurisdiction. By accepting this policy, you consent to such transfer.<\/p>\n<p>Data Security<\/p>\n<p>Verilerinizin g\u00fcvenli\u011fi \u00f6nemlidir, ancak internet \u00fczerinden veya elektronik depolama y\u00f6ntemleri arac\u0131l\u0131\u011f\u0131yla aktar\u0131mlar\u0131n %100 g\u00fcvenli olmad\u0131\u011f\u0131n\u0131 unutmay\u0131n. Veri g\u00fcvenli\u011fini sa\u011flamak i\u00e7in ticari olarak kabul edilebilir y\u00f6ntemleri kullan\u0131r\u0131z ancak mutlak g\u00fcvenlik garantisi veremeyiz.<\/p>\n<p>Children&#039;s Privacy<\/p>\n<p>Our service is not directed to individuals under the age of 18. We do not knowingly collect personal data from individuals under the age of 18.<\/p>\n<p>Privacy Policy Changes<\/p>\n<p>We may update our Privacy Policy from time to time. We will notify you of any changes by posting the new policy on this page.<\/p>\n<p>If you have questions about this Privacy Policy, please contact us at drdemetdemircioglu@gmail.com.<\/p>","protected":false},"excerpt":{"rendered":"<p>Nisan, 2024 Prof. Dr. Demet Tekd\u00f6\u015f Demircio\u011flu Klini\u011fi (&#8220;biz&#8221;, &#8220;bizim&#8221;) demetdemircioglu.com web sitesini (&#8220;Hizmet&#8221;) i\u015fletmektedir. [&hellip;]<\/p>\n","protected":false},"author":1,"featured_media":0,"parent":0,"menu_order":0,"comment_status":"closed","ping_status":"closed","template":"","meta":{"_joinchat":[],"footnotes":""},"class_list":["post-587","page","type-page","status-publish","hentry"],"_links":{"self":[{"href":"https:\/\/demetdemircioglu.com\/en\/wp-json\/wp\/v2\/pages\/587","targetHints":{"allow":["GET"]}}],"collection":[{"href":"https:\/\/demetdemircioglu.com\/en\/wp-json\/wp\/v2\/pages"}],"about":[{"href":"https:\/\/demetdemircioglu.com\/en\/wp-json\/wp\/v2\/types\/page"}],"author":[{"embeddable":true,"href":"https:\/\/demetdemircioglu.com\/en\/wp-json\/wp\/v2\/users\/1"}],"replies":[{"embeddable":true,"href":"https:\/\/demetdemircioglu.com\/en\/wp-json\/wp\/v2\/comments?post=587"}],"version-history":[{"count":0,"href":"https:\/\/demetdemircioglu.com\/en\/wp-json\/wp\/v2\/pages\/587\/revisions"}],"wp:attachment":[{"href":"https:\/\/demetdemircioglu.com\/en\/wp-json\/wp\/v2\/media?parent=587"}],"curies":[{"name":"wp","href":"https:\/\/api.w.org\/{rel}","templated":true}]}}