{"id":641,"date":"2024-04-20T14:51:07","date_gmt":"2024-04-20T11:51:07","guid":{"rendered":"https:\/\/demetdemircioglu.com\/?page_id=641"},"modified":"2025-09-06T13:54:03","modified_gmt":"2025-09-06T10:54:03","slug":"hakkimizda","status":"publish","type":"page","link":"https:\/\/demetdemircioglu.com\/en\/about-us\/","title":{"rendered":"About Us"},"content":{"rendered":"<p class=\"gutenify-section-608208e0-ff08-11ee-a850-53180d37f51d gtfy-1\">Prof. Dr. Demet Tekd\u00f6\u015f Demircio\u011flu Physical Therapy and Rehabilitation, Regenerative Medicine Clinic was established with the aim of offering the most reliable and effective personalized treatment methods in its field to patients worldwide.&nbsp;<\/p>\n\n\n\n<p class=\"gutenify-section-60825700-ff08-11ee-a850-53180d37f51d gtfy-4\">Our clinic, built on an area of 240 m2, is equipped with state-of-the-art medical devices that provide high-quality medical care standards.<\/p>\n\n\n\n<p class=\"gutenify-section-60827e10-ff08-11ee-a850-53180d37f51d gtfy-7\">Our clinic, licensed by the Ministry of Health of the Republic of Turkey, also has an international health tourism authorization certificate. In order to provide a flawless experience for our international patients, transfer, accommodation and translation services are also provided by our clinic.<\/p>\n\n\n\n<p class=\"gutenify-section-6082a520-ff08-11ee-a850-53180d37f51d gtfy-10\">In addition to our personalized treatments, we offer unique healthcare solutions that are specific to institutions and aim to develop a Corporate Wellbeing culture. Our experienced physiotherapists offer special medical massage services designed to relieve employees&#039; stress, tension and muscle discomfort while also increasing motivation. We also offer on-site physical medicine and rehabilitation services specifically designed to reduce absenteeism and increase work efficiency.<\/p>\n\n\n\n<p class=\"gutenify-section-6082f340-ff08-11ee-a850-53180d37f51d gtfy-13\">As part of our commitment to corporate wellness, we host informative talks, webinars and events focused on promoting holistic wellness practices within organizations.&nbsp;<\/p>\n\n\n\n<p class=\"gutenify-section-60831a50-ff08-11ee-a850-53180d37f51d gtfy-16\">As Prof. Dr. Demet Tekdos Demircio\u011flu Physical Therapy and Rehabilitation, Regenerative Medicine Clinic, we continue our activities with our comprehensive solution suggestions and services aimed at improving the health and well-being of both individuals and institutions.<br><\/p>\n\n\n\n<p class=\"gutenify-section-60834160-ff08-11ee-a850-53180d37f51d has-foreground-color has-text-color has-link-color has-medium-font-size wp-elements-ed713962dc89a72691c03386d4ed4208 gtfy-19\"><strong>Prof. Dr. Demet Tekdos Demircioglu<\/strong><\/p>\n\n\n\n<p class=\"gutenify-section-60856440-ff08-11ee-a850-53180d37f51d has-foreground-color has-text-color has-link-color wp-elements-7bb4431a4bb91e1bf049c8c6d8998b4f gtfy-22\" style=\"font-size:1.3em\"><strong>Founder<\/strong><\/p>\n\n\n\n<div class=\"wp-block-group alignfull gutenify-section-17901010-f3b9-11ed-b736-3f49a7a0400c is-layout-constrained wp-block-group-is-layout-constrained gtfy-44\" style=\"margin-top:0;margin-bottom:0;padding-top:0;padding-bottom:0\">\n<div class=\"wp-block-gutenify-container alignfull gutenify-block-container-wrapper gutenify-container-version-2 gutenify-section-28acc916-f99a-4bf1-a660-c6d476821237 gtfy-43\"><div class=\"gutenify-container\"><div class=\"has-text-align-center wp-block-gutenify-section-title gtfy-25\"><div class=\"gutenify-section-title-section\"><h2 class=\"gutenify-section-title-main\">Our Team<\/h2><\/div><\/div>\n\n\n<hr class=\"wp-block-separator has-text-color has-vivid-cyan-blue-color has-css-opacity has-vivid-cyan-blue-background-color has-background gutenify-section-178f9ae0-f3b9-11ed-b736-3f49a7a0400c gtfy-26\"\/>\n\n\n\n<div class=\"wp-block-gutenify-team gutenify-team-block-wrapper gutenify-team-layout-1 gutenify-team-col-3 gutenify-section-5ad45086-790c-4f87-b17b-d7144cb87de8 gutenify-team-version-2 gtfy-42\"><div class=\"gutenify-team-section\">\n<div class=\"wp-block-gutenify-team-member gutenify-team-item gutenify-team-member-layout-1 gutenify-team-member-version-2 has-shadow-dark gutenify-section-6f3e8d32-10e3-44d9-8cf8-2b40fbfc6952 gtfy-31\"><div class=\"gutenify-team-member-section\">\n<figure class=\"wp-block-image aligncenter size-full gutenify-section-9fa4a420-f3b9-11ed-b736-3f49a7a0400c gtfy-27\"><img loading=\"lazy\" decoding=\"async\" width=\"2560\" height=\"2560\" src=\"https:\/\/demetdemircioglu.com\/wp-content\/uploads\/2025\/05\/Adsiz-tasarim-6-scaled.jpg\" alt=\"\" class=\"wp-image-2127\" srcset=\"https:\/\/demetdemircioglu.com\/wp-content\/uploads\/2025\/05\/Adsiz-tasarim-6-scaled.jpg 2560w, https:\/\/demetdemircioglu.com\/wp-content\/uploads\/2025\/05\/Adsiz-tasarim-6-300x300.jpg 300w\" sizes=\"auto, (max-width: 2560px) 100vw, 2560px\" \/><\/figure>\n\n\n\n<h3 class=\"wp-block-heading has-text-align-center gutenify-team-member-block-name gutenify-section-9fa54060-f3b9-11ed-b736-3f49a7a0400c gtfy-28\">Melike \u0130rem Alg\u00fcl<\/h3>\n\n\n\n<h4 class=\"wp-block-heading has-text-align-center gutenify-team-member-block-degination gutenify-section-9fa5b590-f3b9-11ed-b736-3f49a7a0400c gtfy-29\">Physiotherapist<\/h4>\n\n\n\n<p class=\"has-text-align-center gutenify-team-member-block-bio gutenify-section-9fa603b0-f3b9-11ed-b736-3f49a7a0400c gtfy-30\"><\/p>\n<\/div><\/div>\n\n\n\n<div class=\"wp-block-gutenify-team-member gutenify-team-item gutenify-team-member-layout-1 gutenify-team-member-version-2 has-shadow-dark gutenify-section-4ce9447e-20c6-4288-883e-c8c95eae7781 gtfy-36\"><div class=\"gutenify-team-member-section\">\n<figure class=\"wp-block-image aligncenter size-full gutenify-section-a0492180-f3b9-11ed-b736-3f49a7a0400c gtfy-32\"><img loading=\"lazy\" decoding=\"async\" width=\"2560\" height=\"2560\" src=\"https:\/\/demetdemircioglu.com\/wp-content\/uploads\/2025\/05\/21-scaled.jpg\" alt=\"\" class=\"wp-image-2121\" srcset=\"https:\/\/demetdemircioglu.com\/wp-content\/uploads\/2025\/05\/21-scaled.jpg 2560w, https:\/\/demetdemircioglu.com\/wp-content\/uploads\/2025\/05\/21-300x300.jpg 300w\" sizes=\"auto, (max-width: 2560px) 100vw, 2560px\" \/><\/figure>\n\n\n\n<h3 class=\"wp-block-heading has-text-align-center gutenify-team-member-block-name gutenify-section-a049bdc0-f3b9-11ed-b736-3f49a7a0400c gtfy-33\">Nagihan Yalcinkaya<\/h3>\n\n\n\n<h4 class=\"wp-block-heading has-text-align-center gutenify-team-member-block-degination gutenify-section-a04a5a00-f3b9-11ed-b736-3f49a7a0400c gtfy-34\">Executive Assistant<\/h4>\n\n\n\n<p class=\"has-text-align-center gutenify-team-member-block-bio gutenify-section-a04af640-f3b9-11ed-b736-3f49a7a0400c gtfy-35\"><\/p>\n<\/div><\/div>\n\n\n\n<div class=\"wp-block-gutenify-team-member gutenify-team-item gutenify-team-member-layout-1 gutenify-team-member-version-2 has-shadow-dark gutenify-section-4ce9447e-20c6-4288-883e-c8c95eae7781 gtfy-41\"><div class=\"gutenify-team-member-section\">\n<figure class=\"wp-block-image aligncenter size-full gutenify-section-a0492180-f3b9-11ed-b736-3f49a7a0400c gtfy-37\"><img loading=\"lazy\" decoding=\"async\" width=\"2560\" height=\"2560\" src=\"https:\/\/demetdemircioglu.com\/wp-content\/uploads\/2025\/05\/Adsiz-tasarim-4-scaled.jpg\" alt=\"\" class=\"wp-image-2123\" srcset=\"https:\/\/demetdemircioglu.com\/wp-content\/uploads\/2025\/05\/Adsiz-tasarim-4-scaled.jpg 2560w, https:\/\/demetdemircioglu.com\/wp-content\/uploads\/2025\/05\/Adsiz-tasarim-4-300x300.jpg 300w\" sizes=\"auto, (max-width: 2560px) 100vw, 2560px\" \/><\/figure>\n\n\n\n<h3 class=\"wp-block-heading has-text-align-center gutenify-team-member-block-name gutenify-section-a049bdc0-f3b9-11ed-b736-3f49a7a0400c gtfy-38\">Zehra Yilmaz<\/h3>\n\n\n\n<h4 class=\"wp-block-heading has-text-align-center gutenify-team-member-block-degination gutenify-section-a04a5a00-f3b9-11ed-b736-3f49a7a0400c gtfy-39\">Physiotherapy Technician<\/h4>\n\n\n\n<p class=\"has-text-align-center gutenify-team-member-block-bio gutenify-section-a04af640-f3b9-11ed-b736-3f49a7a0400c gtfy-40\"><\/p>\n<\/div><\/div>\n<\/div><\/div>\n<\/div><\/div>\n<\/div>\n\n\n\n<div class=\"wp-block-group alignwide gutenify-section-6b3e2c20-f231-11ee-a64b-b9663fbc7b05 is-layout-flow wp-block-group-is-layout-flow gtfy-70\" style=\"padding-top:0;padding-bottom:0\">\n<div class=\"wp-block-group alignfull gutenify-section-41565630-f722-11ee-9f1c-f7efa870d09b is-layout-flow wp-block-group-is-layout-flow gtfy-69\" style=\"padding-top:50px;padding-right:20px;padding-bottom:50px;padding-left:20px\">\n<div class=\"wp-block-columns gutenify-section-4c7312f0-f723-11ee-9f1c-f7efa870d09b is-layout-flex wp-container-core-columns-is-layout-e02d0b78 wp-block-columns-is-layout-flex gtfy-68\" style=\"padding-top:0;padding-bottom:0\">\n<div class=\"wp-block-column gutenify-section-4e7b6610-f723-11ee-9f1c-f7efa870d09b is-layout-flow wp-container-core-column-is-layout-343acf9e wp-block-column-is-layout-flow gtfy-53\">\n<div class=\"wp-block-group gutenify-section-80233b60-f724-11ee-9f1c-f7efa870d09b has-border-color is-layout-flow wp-container-core-group-is-layout-a77db08e wp-block-group-is-layout-flow gtfy-52\" style=\"border-color:#abb7c261;border-width:2px;border-radius:10px\">\n<div class=\"wp-block-cover is-light has-custom-content-position is-position-bottom-center gutenify-section-511edd30-f722-11ee-9f1c-f7efa870d09b gtfy-48\" style=\"border-radius:10px;padding-top:0;padding-right:0;padding-bottom:0;padding-left:0;min-height:222px;aspect-ratio:unset;\"><img loading=\"lazy\" decoding=\"async\" width=\"1080\" height=\"1080\" class=\"wp-block-cover__image-background wp-image-652\" alt=\"\" src=\"http:\/\/demetdemircioglu.com\/wp-content\/uploads\/2024\/04\/1.png\" data-object-fit=\"cover\" srcset=\"https:\/\/demetdemircioglu.com\/wp-content\/uploads\/2024\/04\/1.png 1080w, https:\/\/demetdemircioglu.com\/wp-content\/uploads\/2024\/04\/1-300x300.png 300w, https:\/\/demetdemircioglu.com\/wp-content\/uploads\/2024\/04\/1-1024x1024.png 1024w, https:\/\/demetdemircioglu.com\/wp-content\/uploads\/2024\/04\/1-150x150.png 150w, https:\/\/demetdemircioglu.com\/wp-content\/uploads\/2024\/04\/1-768x768.png 768w\" sizes=\"auto, (max-width: 1080px) 100vw, 1080px\" \/><span aria-hidden=\"true\" class=\"wp-block-cover__background has-background-dim-0 has-background-dim\" style=\"background-color:#FFF\"><\/span><div class=\"wp-block-cover__inner-container is-layout-constrained wp-container-core-cover-is-layout-c06d165c wp-block-cover-is-layout-constrained\">\n<p class=\"has-text-align-center gutenify-section-ce3e3780-9aa5-11ef-b478-ed64342854e5 has-large-font-size gtfy-47\"><\/p>\n<\/div><\/div>\n\n\n\n<div class=\"wp-block-group gutenify-section-085ba090-f724-11ee-9f1c-f7efa870d09b is-layout-flow wp-container-core-group-is-layout-66d45aa1 wp-block-group-is-layout-flow gtfy-51\" style=\"padding-top:30px;padding-right:16px;padding-bottom:30px;padding-left:16px\">\n<h2 class=\"wp-block-heading gutenify-section-d0970be0-f723-11ee-9f1c-f7efa870d09b has-inter-font-family gtfy-49\" style=\"font-size:24px;font-style:normal;font-weight:700\">Vision<\/h2>\n\n\n\n<p class=\"gutenify-section-dc819560-f723-11ee-9f1c-f7efa870d09b has-foreground-color has-text-color has-link-color wp-elements-71f0d0fca6b60ea4aa563e376e05af55 gtfy-50\" style=\"font-size:16px\">By taking a leading role in healthcare services, using the latest treatment methods, we offer you personalized solutions at world standards. Our aim is to provide reliable and ethical healthcare services while helping our patients regain their health.<\/p>\n<\/div>\n<\/div>\n<\/div>\n\n\n\n<div class=\"wp-block-column gutenify-section-4ca5f7e0-f725-11ee-9f1c-f7efa870d09b is-layout-flow wp-container-core-column-is-layout-343acf9e wp-block-column-is-layout-flow gtfy-60\">\n<div class=\"wp-block-group gutenify-section-4ca35fd0-f725-11ee-9f1c-f7efa870d09b has-border-color is-layout-flow wp-container-core-group-is-layout-a77db08e wp-block-group-is-layout-flow gtfy-59\" style=\"border-color:#abb7c261;border-width:2px;border-radius:10px\">\n<div class=\"wp-block-cover is-light has-custom-content-position is-position-bottom-center gutenify-section-4c9703c0-f725-11ee-9f1c-f7efa870d09b gtfy-55\" style=\"border-radius:10px;padding-top:0;padding-right:0;padding-bottom:0;padding-left:0;min-height:223px;aspect-ratio:unset;\"><img loading=\"lazy\" decoding=\"async\" width=\"1080\" height=\"597\" class=\"wp-block-cover__image-background wp-image-653\" alt=\"\" src=\"http:\/\/demetdemircioglu.com\/wp-content\/uploads\/2024\/04\/2-e1713613663777.png\" data-object-fit=\"cover\" srcset=\"https:\/\/demetdemircioglu.com\/wp-content\/uploads\/2024\/04\/2-e1713613663777.png 1080w, https:\/\/demetdemircioglu.com\/wp-content\/uploads\/2024\/04\/2-e1713613663777-300x166.png 300w, https:\/\/demetdemircioglu.com\/wp-content\/uploads\/2024\/04\/2-e1713613663777-1024x566.png 1024w, https:\/\/demetdemircioglu.com\/wp-content\/uploads\/2024\/04\/2-e1713613663777-768x425.png 768w\" sizes=\"auto, (max-width: 1080px) 100vw, 1080px\" \/><span aria-hidden=\"true\" class=\"wp-block-cover__background has-background-dim-0 has-background-dim\" style=\"background-color:#FFF\"><\/span><div class=\"wp-block-cover__inner-container is-layout-constrained wp-container-core-cover-is-layout-c06d165c wp-block-cover-is-layout-constrained\">\n<p class=\"has-text-align-center gutenify-section-623b9570-84af-11ef-8dbf-1bb287d88b72 has-large-font-size gtfy-54\"><\/p>\n<\/div><\/div>\n\n\n\n<div class=\"wp-block-group gutenify-section-4ca0eed0-f725-11ee-9f1c-f7efa870d09b is-layout-flow wp-container-core-group-is-layout-66d45aa1 wp-block-group-is-layout-flow gtfy-58\" style=\"padding-top:30px;padding-right:16px;padding-bottom:30px;padding-left:16px\">\n<h2 class=\"wp-block-heading gutenify-section-4c9926a0-f725-11ee-9f1c-f7efa870d09b has-inter-font-family gtfy-56\" style=\"font-size:24px;font-style:normal;font-weight:700\">Mission<\/h2>\n\n\n\n<p class=\"gutenify-section-4c9ad450-f725-11ee-9f1c-f7efa870d09b has-foreground-color has-text-color has-link-color wp-elements-678c59e141b287bcb68e13dafff873d4 gtfy-57\" style=\"font-size:16px\">We guide our patients on their health journeys using evidence-based treatment methods that are appropriate for their needs. With our personalized plans and transparent approaches, we aim to provide trust and sustainability in health services.<\/p>\n<\/div>\n<\/div>\n<\/div>\n\n\n\n<div class=\"wp-block-column gutenify-section-4e089520-f725-11ee-9f1c-f7efa870d09b is-layout-flow wp-container-core-column-is-layout-343acf9e wp-block-column-is-layout-flow gtfy-67\">\n<div class=\"wp-block-group gutenify-section-4e040140-f725-11ee-9f1c-f7efa870d09b has-border-color is-layout-flow wp-container-core-group-is-layout-a77db08e wp-block-group-is-layout-flow gtfy-66\" style=\"border-color:#abb7c261;border-width:2px;border-radius:10px\">\n<div class=\"wp-block-cover is-light has-custom-content-position is-position-bottom-center gutenify-section-4ded44f0-f725-11ee-9f1c-f7efa870d09b gtfy-62\" style=\"border-radius:10px;padding-top:0;padding-right:0;padding-bottom:0;padding-left:0;min-height:223px;aspect-ratio:unset;\"><img loading=\"lazy\" decoding=\"async\" width=\"1080\" height=\"728\" class=\"wp-block-cover__image-background wp-image-654\" alt=\"\" src=\"http:\/\/demetdemircioglu.com\/wp-content\/uploads\/2024\/04\/3-e1713613700224.png\" data-object-fit=\"cover\" srcset=\"https:\/\/demetdemircioglu.com\/wp-content\/uploads\/2024\/04\/3-e1713613700224.png 1080w, https:\/\/demetdemircioglu.com\/wp-content\/uploads\/2024\/04\/3-e1713613700224-300x202.png 300w, https:\/\/demetdemircioglu.com\/wp-content\/uploads\/2024\/04\/3-e1713613700224-1024x690.png 1024w, https:\/\/demetdemircioglu.com\/wp-content\/uploads\/2024\/04\/3-e1713613700224-768x518.png 768w\" sizes=\"auto, (max-width: 1080px) 100vw, 1080px\" \/><span aria-hidden=\"true\" class=\"wp-block-cover__background has-background-dim-0 has-background-dim\" style=\"background-color:#FFF\"><\/span><div class=\"wp-block-cover__inner-container is-layout-constrained wp-container-core-cover-is-layout-c06d165c wp-block-cover-is-layout-constrained\">\n<p class=\"has-text-align-center gutenify-section-63cce3d0-84af-11ef-8dbf-1bb287d88b72 has-large-font-size gtfy-61\"><\/p>\n<\/div><\/div>\n\n\n\n<div class=\"wp-block-group gutenify-section-4dffbb80-f725-11ee-9f1c-f7efa870d09b is-layout-flow wp-container-core-group-is-layout-66d45aa1 wp-block-group-is-layout-flow gtfy-65\" style=\"padding-top:30px;padding-right:16px;padding-bottom:30px;padding-left:16px\">\n<h2 class=\"wp-block-heading gutenify-section-4df226f0-f725-11ee-9f1c-f7efa870d09b has-inter-font-family gtfy-63\" style=\"font-size:24px;font-style:normal;font-weight:700\">Values<\/h2>\n\n\n\n<p class=\"gutenify-section-4df449d0-f725-11ee-9f1c-f7efa870d09b has-foreground-color has-text-color has-link-color wp-elements-07893f17cf3444fdd680e4b36088020e gtfy-64\" style=\"font-size:16px\">With our team focusing on honesty, patient-centeredness and innovation, we offer a transparent and empathetic service in line with ethical principles. We continue to produce sustainable health solutions by gaining the trust of our patients with our expertise and professionalism.<\/p>\n<\/div>\n<\/div>\n<\/div>\n<\/div>\n<\/div>\n<\/div>","protected":false},"excerpt":{"rendered":"<p>Prof. Dr. Demet Tekd\u00f6\u015f Demircio\u011flu Fizik Tedavi ve Rehabilitasyon, Rejeneratif T\u0131p Klini\u011fi, alan\u0131ndaki en g\u00fcvenilir [&hellip;]<\/p>\n","protected":false},"author":1,"featured_media":0,"parent":0,"menu_order":0,"comment_status":"closed","ping_status":"closed","template":"","meta":{"_joinchat":[],"footnotes":""},"class_list":["post-641","page","type-page","status-publish","hentry"],"_links":{"self":[{"href":"https:\/\/demetdemircioglu.com\/en\/wp-json\/wp\/v2\/pages\/641","targetHints":{"allow":["GET"]}}],"collection":[{"href":"https:\/\/demetdemircioglu.com\/en\/wp-json\/wp\/v2\/pages"}],"about":[{"href":"https:\/\/demetdemircioglu.com\/en\/wp-json\/wp\/v2\/types\/page"}],"author":[{"embeddable":true,"href":"https:\/\/demetdemircioglu.com\/en\/wp-json\/wp\/v2\/users\/1"}],"replies":[{"embeddable":true,"href":"https:\/\/demetdemircioglu.com\/en\/wp-json\/wp\/v2\/comments?post=641"}],"version-history":[{"count":0,"href":"https:\/\/demetdemircioglu.com\/en\/wp-json\/wp\/v2\/pages\/641\/revisions"}],"wp:attachment":[{"href":"https:\/\/demetdemircioglu.com\/en\/wp-json\/wp\/v2\/media?parent=641"}],"curies":[{"name":"wp","href":"https:\/\/api.w.org\/{rel}","templated":true}]}}