{"id":129,"date":"2023-06-10T11:45:08","date_gmt":"2023-06-10T08:45:08","guid":{"rendered":"https:\/\/demetdemircioglu.com\/?page_id=129"},"modified":"2025-05-23T19:46:59","modified_gmt":"2025-05-23T16:46:59","slug":"biyografi","status":"publish","type":"page","link":"https:\/\/demetdemircioglu.com\/fr\/biographie\/","title":{"rendered":"Prof. Dr. Demet Demircioglu"},"content":{"rendered":"<div class=\"wp-block-group alignfull gutenify-section-b21966a0-6a6e-11ee-a24a-d5cb672d6aa6 has-background-background-color has-background is-content-justification-center is-layout-constrained wp-container-core-group-is-layout-8d7da819 wp-block-group-is-layout-constrained gtfy-12\" style=\"padding-top:var(--wp--preset--spacing--30);padding-right:var(--wp--preset--spacing--20);padding-bottom:var(--wp--preset--spacing--30);padding-left:var(--wp--preset--spacing--20)\">\n<div class=\"wp-block-columns biyografi-dis-sutun gutenify-section-b217e000-6a6e-11ee-a24a-d5cb672d6aa6 is-layout-flex wp-container-core-columns-is-layout-e0e4babd wp-block-columns-is-layout-flex gtfy-11\" style=\"padding-right:0;padding-left:0\">\n<div class=\"wp-block-column is-vertically-aligned-top biyografi-ic-sutun gutenify-section-b20c2030-6a6e-11ee-a24a-d5cb672d6aa6 is-content-justification-center is-layout-constrained wp-block-column-is-layout-constrained gtfy-2\">\n<figure class=\"wp-block-image size-full is-style-default gutenify-section-b20a9990-6a6e-11ee-a24a-d5cb672d6aa6 gtfy-1\"><img loading=\"lazy\" decoding=\"async\" width=\"1710\" height=\"2560\" src=\"https:\/\/demetdemircioglu.com\/wp-content\/uploads\/2023\/06\/PHOTO-2025-04-07-14-54-54-scaled.jpg\" alt=\"\" class=\"wp-image-2046\" style=\"object-fit:cover\" srcset=\"https:\/\/demetdemircioglu.com\/wp-content\/uploads\/2023\/06\/PHOTO-2025-04-07-14-54-54-scaled.jpg 1710w, https:\/\/demetdemircioglu.com\/wp-content\/uploads\/2023\/06\/PHOTO-2025-04-07-14-54-54-200x300.jpg 200w, https:\/\/demetdemircioglu.com\/wp-content\/uploads\/2023\/06\/PHOTO-2025-04-07-14-54-54-684x1024.jpg 684w\" sizes=\"auto, (max-width: 1710px) 100vw, 1710px\" \/><\/figure>\n<\/div>\n\n\n\n<div class=\"wp-block-column is-vertically-aligned-center gutenify-section-b216ce90-6a6e-11ee-a24a-d5cb672d6aa6 is-layout-constrained wp-container-core-column-is-layout-d6097f2c wp-block-column-is-layout-constrained gtfy-10\" style=\"padding-top:0;padding-right:0;padding-bottom:0;padding-left:0\">\n<h2 class=\"wp-block-heading gutenify-section-b20e9130-6a6e-11ee-a24a-d5cb672d6aa6 has-text-color has-medium-font-size gtfy-3\" id=\"we-are-full-site-editing\" style=\"color:#111946;font-style:normal;font-weight:300;line-height:1\">Qui suis-je ? \u2013 <strong>Biographie<\/strong><\/h2>\n\n\n\n<p class=\"gtfy-4\">Prof. Dr. Demet Demircioglu<\/p>\n\n\n\n<p class=\"gutenify-section-0735fa40-fb1f-11ee-883f-39fb73ab802d has-foreground-color has-text-color has-link-color has-normal-font-size wp-elements-40c51e90087b2f5ebb723910fccf0b07 gtfy-5\">Il est n\u00e9 le 30 septembre 1979 \u00e0 Diyarbak\u0131r. Il a termin\u00e9 ses \u00e9tudes primaires et secondaires respectivement \u00e0 l&#039;\u00e9cole primaire de Yeni\u015fehir et au lyc\u00e9e anatolien de Diyarbak\u0131r. Il est dipl\u00f4m\u00e9 de la Facult\u00e9 de m\u00e9decine de l&#039;Universit\u00e9 d&#039;Istanbul en 2003 et a re\u00e7u le titre de docteur en m\u00e9decine. Il a compl\u00e9t\u00e9 sa formation sp\u00e9cialis\u00e9e en m\u00e9decine physique et r\u00e9adaptation \u00e0 l&#039;h\u00f4pital de formation et de recherche du minist\u00e8re de la Sant\u00e9 d&#039;Istanbul en 2009.&nbsp;<\/p>\n\n\n\n<p class=\"gutenify-section-07370bb0-fb1f-11ee-883f-39fb73ab802d has-foreground-color has-text-color has-link-color has-normal-font-size wp-elements-667685e4073055502a8651f0df2cb2bd gtfy-6\">Il a accompli son service obligatoire en tant que m\u00e9decin sp\u00e9cialiste \u00e0 l&#039;h\u00f4pital d&#039;\u00c9tat du minist\u00e8re de la Sant\u00e9 de Malatya entre 2009 et 2011.&nbsp;<\/p>\n\n\n\n<p class=\"gutenify-section-07381d20-fb1f-11ee-883f-39fb73ab802d has-foreground-color has-text-color has-link-color has-normal-font-size wp-elements-9e3d241a284258cc37e7d3c42210894c gtfy-7\">Il a travaill\u00e9 comme m\u00e9decin sp\u00e9cialiste au Memorial Service Hospital entre 2011 et 2018. Il a re\u00e7u le titre de professeur associ\u00e9 d\u00e9cern\u00e9 par le Conseil de l&#039;enseignement sup\u00e9rieur en 2018. Il a r\u00e9ussi l&#039;examen du jury organis\u00e9 par la Section de m\u00e9decine physique et de r\u00e9adaptation de l&#039;Union europ\u00e9enne des m\u00e9decins sp\u00e9cialistes (UEMS-PMR) et a re\u00e7u un certificat de qualification. Il a rejoint la facult\u00e9 de m\u00e9decine de l&#039;Universit\u00e9 Aydin d&#039;Istanbul en 2023 et est devenu professeur de m\u00e9decine physique et de r\u00e9adaptation la m\u00eame ann\u00e9e.<\/p>\n\n\n\n<p class=\"gutenify-section-af403a30-cdc8-11ef-b35a-3515e1883056 has-foreground-color has-text-color has-link-color has-normal-font-size wp-elements-34cef58b20f46bf47b16dcc0a9df3142 gtfy-8\">Prof. Dr. Demet Tekd\u00f6\u015f Demircio\u011flu a travaill\u00e9 dans des associations de m\u00e9decine physique et de r\u00e9adaptation op\u00e9rant dans le pays. Il a publi\u00e9 des chapitres de livres, des articles et des pr\u00e9sentations de congr\u00e8s sur la m\u00e9decine physique et la r\u00e9adaptation tant au pays qu&#039;\u00e0 l&#039;\u00e9tranger. Il travaille comme instructeur dans des congr\u00e8s de formation nationaux et internationaux organis\u00e9s pour assurer la diffusion des pratiques actuelles de traitement physique et de r\u00e9adaptation. Ses int\u00e9r\u00eats professionnels sont les maladies musculo-squelettiques douloureuses, la r\u00e9\u00e9ducation des maladies neurologiques, les plaques cliniques, la conception d&#039;exercices personnalis\u00e9s et les troubles de la posture. Il applique efficacement les m\u00e9thodes interventionnelles.<\/p>\n\n\n\n<p class=\"gutenify-section-073a18f0-fb1f-11ee-883f-39fb73ab802d has-foreground-color has-text-color has-link-color has-normal-font-size wp-elements-1551e5f11460d57104ae98a38c6c2fb4 gtfy-9\">En outre, il a termin\u00e9 le programme de doctorat en g\u00e9nie tissulaire des exosomes \u00e0 l&#039;Universit\u00e9 d&#039;\u0130stinye et poursuit ses applications cliniques et ses \u00e9tudes scientifiques dans ce domaine. Il travaille actuellement dans sa propre clinique et dans le groupe de sant\u00e9 Ac\u0131badem. Il parle et \u00e9crit tr\u00e8s bien l&#039;anglais.&nbsp;<\/p>\n<\/div>\n<\/div>\n<\/div>","protected":false},"excerpt":{"rendered":"<p>Ben Kimim? &#8211; Biyografi Prof. Dr. Demet Demircio\u011flu 30.09.1979\u2019da Diyarbak\u0131r\u2019da do\u011fdu. \u0130lk ve orta \u00f6\u011frenimini [&hellip;]<\/p>\n","protected":false},"author":1,"featured_media":0,"parent":0,"menu_order":0,"comment_status":"closed","ping_status":"closed","template":"","meta":{"_joinchat":[],"footnotes":""},"class_list":["post-129","page","type-page","status-publish","hentry"],"_links":{"self":[{"href":"https:\/\/demetdemircioglu.com\/fr\/wp-json\/wp\/v2\/pages\/129","targetHints":{"allow":["GET"]}}],"collection":[{"href":"https:\/\/demetdemircioglu.com\/fr\/wp-json\/wp\/v2\/pages"}],"about":[{"href":"https:\/\/demetdemircioglu.com\/fr\/wp-json\/wp\/v2\/types\/page"}],"author":[{"embeddable":true,"href":"https:\/\/demetdemircioglu.com\/fr\/wp-json\/wp\/v2\/users\/1"}],"replies":[{"embeddable":true,"href":"https:\/\/demetdemircioglu.com\/fr\/wp-json\/wp\/v2\/comments?post=129"}],"version-history":[{"count":0,"href":"https:\/\/demetdemircioglu.com\/fr\/wp-json\/wp\/v2\/pages\/129\/revisions"}],"wp:attachment":[{"href":"https:\/\/demetdemircioglu.com\/fr\/wp-json\/wp\/v2\/media?parent=129"}],"curies":[{"name":"wp","href":"https:\/\/api.w.org\/{rel}","templated":true}]}}