{"id":578,"date":"2024-04-06T10:28:16","date_gmt":"2024-04-06T07:28:16","guid":{"rendered":"https:\/\/demetdemircioglu.com\/?page_id=578"},"modified":"2025-03-24T17:49:38","modified_gmt":"2025-03-24T14:49:38","slug":"kvkk","status":"publish","type":"page","link":"https:\/\/demetdemircioglu.com\/fr\/kvkk\/","title":{"rendered":"KVKK"},"content":{"rendered":"<p>Concernant la protection des donn\u00e9es personnelles<br \/>\nTexte d&#039;informations g\u00e9n\u00e9rales sur le site Web<\/p>\n<p>Responsable du traitement : Pr. Dr. Demet Tekd\u00f6\u015f Demircio\u011flu<br \/>\nAdresse : Zuhuratbaba, Haksever Sk. No:12\/b, 34147 Bak\u0131rk\u00f6y\/Istanbul, Turquie<br \/>\nT\u00e9l\u00e9phone : 0531 590 51 17<\/p>\n<p>Vos donn\u00e9es personnelles et personnelles sp\u00e9ciales que vous avez partag\u00e9es sont trait\u00e9es de mani\u00e8re limit\u00e9e et mesur\u00e9e conform\u00e9ment \u00e0 la loi sur la protection des donn\u00e9es personnelles (KVKK) et en relation avec nos finalit\u00e9s de service et d&#039;activit\u00e9 dans le cadre de la l\u00e9gislation m\u00e9dicale. Veuillez \u00e9galement lire le texte d&#039;information patient KVKK pr\u00e9par\u00e9 pour nos patients.<\/p>\n<p>Vos donn\u00e9es personnelles sont collect\u00e9es verbalement, par \u00e9crit, WhatsApp ou \u00e9lectroniquement. Lorsque vous remplissez le formulaire de la rubrique \u00ab contactez-nous \u00bb de notre site Internet, une activit\u00e9 de collecte de donn\u00e9es est r\u00e9alis\u00e9e en lien avec la finalit\u00e9. Vos donn\u00e9es personnelles\u00a0; Les informations d&#039;examen, les donn\u00e9es de sant\u00e9, les dossiers de traitement, les divers contrats \u00e9crits et verbaux, les requ\u00eates, les entretiens, les cartes de visite et toutes sortes de documents obtenus lors de proc\u00e8s ou de proc\u00e9dures d&#039;ex\u00e9cution sont trait\u00e9s en fonction de la situation de l&#039;\u00e9v\u00e9nement concret requis par les services de sant\u00e9 fournis. Aucune donn\u00e9e n&#039;est trait\u00e9e via notre site Web et les enregistrements du journal d&#039;acc\u00e8s \u00e0 Internet (adresse IP et horodatage, informations sur le trafic) sont conserv\u00e9s par la soci\u00e9t\u00e9 informatique du fournisseur de nom de domaine dans le cadre de la loi n\u00b0 5651. Les cookies ne sont pas utilis\u00e9s sur notre site Internet. Le site Web a \u00e9t\u00e9 lanc\u00e9 pour fournir des informations sur l&#039;adresse, les contacts et les zones de service.<\/p>\n<p>Parmi les raisons l\u00e9gales du traitement de vos donn\u00e9es personnelles : Les processus fiscaux comprennent des obligations conform\u00e9ment \u00e0 la l\u00e9gislation, le respect des obligations de tenue de fichiers, de stockage et de partage des informations avec les autorit\u00e9s comp\u00e9tentes d\u00e9coulant de la l\u00e9gislation sanitaire, l&#039;ex\u00e9cution du contrat, la protection de nos droits et cr\u00e9ances et, si n\u00e9cessaire, le consentement explicite.<\/p>\n<p>Vos donn\u00e9es personnelles seront trait\u00e9es aux fins sp\u00e9cifi\u00e9es dans le cadre du KVKK et d&#039;autres lois relatives \u00e0 la sant\u00e9 et seront conserv\u00e9es pendant les p\u00e9riodes sp\u00e9cifi\u00e9es par la l\u00e9gislation. A la fin de leur dur\u00e9e de conservation, les donn\u00e9es num\u00e9riques seront supprim\u00e9es de mani\u00e8re irr\u00e9versible, tandis que les donn\u00e9es papier seront rogn\u00e9es et d\u00e9truites.<\/p>\n<p>En principe, vos donn\u00e9es personnelles ne sont pas transf\u00e9r\u00e9es \u00e0 l&#039;\u00e9tranger, mais elles peuvent \u00eatre trait\u00e9es \u00e0 l&#039;\u00e9tranger en raison de la base de donn\u00e9es utilis\u00e9e, des services de courrier \u00e9lectronique et de services \u00e9trangers similaires. Les donn\u00e9es des personnes qui nous contactent depuis l&#039;\u00e9tranger peuvent \u00eatre partag\u00e9es avec des adresses \u00e0 l&#039;\u00e9tranger si n\u00e9cessaire.<\/p>\n<p>Dans le cadre de l&#039;article 11 du KVKK, vous disposez de diff\u00e9rents droits concernant vos donn\u00e9es personnelles. Envoyez vos demandes \u00e0 \u00ab Zuhuratbaba, Haksever Sk. Vous pouvez l&#039;envoyer par courrier, avec une signature humide, \u00e0 notre adresse &quot;No:12\/b, 34147 Bak\u0131rk\u00f6y\/Istanbul&quot;. La v\u00e9rification de l&#039;identit\u00e9 sera limit\u00e9e aux informations disponibles et une procuration sera requise pour les situations n\u00e9cessitant une autorisation sp\u00e9ciale. En nous soumettant vos demandes claires \u00e0 l\u2019aide du formulaire de candidature sur notre site Web, vous garantirez que la transaction sera compl\u00e9t\u00e9e rapidement et clairement.<\/p>","protected":false},"excerpt":{"rendered":"<p>Ki\u015fisel Verilerin Korunmas\u0131na \u0130li\u015fkin Web Sitesi Genel Ayd\u0131nlatma Metni Veri Sorumlusu: Prof. Dr. Demet Tekd\u00f6\u015f [&hellip;]<\/p>\n","protected":false},"author":1,"featured_media":0,"parent":0,"menu_order":0,"comment_status":"closed","ping_status":"closed","template":"","meta":{"_joinchat":[],"footnotes":""},"class_list":["post-578","page","type-page","status-publish","hentry"],"_links":{"self":[{"href":"https:\/\/demetdemircioglu.com\/fr\/wp-json\/wp\/v2\/pages\/578","targetHints":{"allow":["GET"]}}],"collection":[{"href":"https:\/\/demetdemircioglu.com\/fr\/wp-json\/wp\/v2\/pages"}],"about":[{"href":"https:\/\/demetdemircioglu.com\/fr\/wp-json\/wp\/v2\/types\/page"}],"author":[{"embeddable":true,"href":"https:\/\/demetdemircioglu.com\/fr\/wp-json\/wp\/v2\/users\/1"}],"replies":[{"embeddable":true,"href":"https:\/\/demetdemircioglu.com\/fr\/wp-json\/wp\/v2\/comments?post=578"}],"version-history":[{"count":0,"href":"https:\/\/demetdemircioglu.com\/fr\/wp-json\/wp\/v2\/pages\/578\/revisions"}],"wp:attachment":[{"href":"https:\/\/demetdemircioglu.com\/fr\/wp-json\/wp\/v2\/media?parent=578"}],"curies":[{"name":"wp","href":"https:\/\/api.w.org\/{rel}","templated":true}]}}