{"id":580,"date":"2024-04-06T10:34:33","date_gmt":"2024-04-06T07:34:33","guid":{"rendered":"https:\/\/demetdemircioglu.com\/?page_id=580"},"modified":"2024-04-06T10:34:35","modified_gmt":"2024-04-06T07:34:35","slug":"hasta-aydinlatma-metni","status":"publish","type":"page","link":"https:\/\/demetdemircioglu.com\/fr\/texte-dinformation-sur-le-patient\/","title":{"rendered":"Texte d&#039;information sur le patient"},"content":{"rendered":"<p>Texte d&#039;information sur le patient<\/p>\n<p>Responsable du traitement : Pr. Dr. Demet Tekd\u00f6\u015f Demircio\u011flu<\/p>\n<p>Adresse : Zuhuratbaba, Haksever Sk. No:12\/b, 34147 Bak\u0131rk\u00f6y\/Istanbul, Turquie<\/p>\n<p>Chers patients, vos donn\u00e9es personnelles\/donn\u00e9es sp\u00e9ciales que vous avez partag\u00e9es avec vous en tant que \u00ab Responsable du traitement \u00bb conform\u00e9ment \u00e0 la loi sur la protection des donn\u00e9es personnelles n\u00b0 6698 (KVKK) seront trait\u00e9es de mani\u00e8re limit\u00e9e et proportionn\u00e9e en relation avec la finalit\u00e9.<\/p>\n<p>Vos donn\u00e9es personnelles peuvent \u00eatre trait\u00e9es par des personnes soumises \u00e0 l&#039;obligation de confidentialit\u00e9 ou par des institutions et organismes autoris\u00e9s \u00e0 des fins de planification, d&#039;ex\u00e9cution et de gestion des services de sant\u00e9, sans solliciter le consentement explicite de la personne concern\u00e9e. Nous traitons vos donn\u00e9es personnelles, y compris les d\u00e9tails financiers et de service n\u00e9cessaires aux processus de facturation et pour remplir les obligations l\u00e9gales.<\/p>\n<p>Vos donn\u00e9es personnelles, selon la nature des services de sant\u00e9 que nous fournissons\u00a0; Elles sont collect\u00e9es par diverses m\u00e9thodes telles que verbales, \u00e9crites, visuelles ou \u00e9lectroniques. Les finalit\u00e9s pour lesquelles nous traitons vos donn\u00e9es sont la fourniture de services de sant\u00e9, le respect des obligations l\u00e9gales, la gestion financi\u00e8re et pour vous fournir un meilleur service.<\/p>\n<p>Vos donn\u00e9es personnelles collect\u00e9es peuvent \u00eatre partag\u00e9es avec le minist\u00e8re de la Sant\u00e9 et d&#039;autres institutions et organisations publiques comp\u00e9tentes dans le cadre des obligations l\u00e9gales. En outre, elles peuvent \u00eatre partag\u00e9es avec les autorit\u00e9s judiciaires lorsque cela est n\u00e9cessaire afin d&#039;exercer notre droit \u00e0 la d\u00e9fense lors de proc\u00e9dures judiciaires.<\/p>\n<p>Vos donn\u00e9es personnelles obtenues sont prot\u00e9g\u00e9es et stock\u00e9es en prenant toutes les mesures de s\u00e9curit\u00e9 n\u00e9cessaires conform\u00e9ment au KVKK et aux autres r\u00e9glementations l\u00e9gales pertinentes. Apr\u00e8s avoir \u00e9t\u00e9 conserv\u00e9es pendant les p\u00e9riodes sp\u00e9cifi\u00e9es dans la l\u00e9gislation en vigueur, vos donn\u00e9es personnelles sont supprim\u00e9es de nos syst\u00e8mes et\/ou anonymis\u00e9es.<\/p>\n<p>La dur\u00e9e de conservation de vos donn\u00e9es personnelles est d&#039;au moins 20 ans, conform\u00e9ment aux dur\u00e9es minimales sp\u00e9cifi\u00e9es dans la l\u00e9gislation en vigueur, et est fix\u00e9e \u00e0 30 ans \u00e0 compter de la fin de notre relation de traitement.<\/p>\n<p>Dans le cadre de l&#039;article 11 du KVKK, vous pouvez soumettre vos demandes concernant vos droits concernant vos donn\u00e9es personnelles \u00e0 \u00ab Zuhuratbaba, Haksever Sk. Vous pouvez envoyer votre demande \u00e9crite, avec signature humide, \u00e0 notre adresse \u00ab No : 12\/b, 34147 Bak\u0131rk\u00f6y\/Istanbul \u00bb en main propre ou par courrier.<\/p>\n<p>Pour exercer ces droits, vos informations d\u2019identit\u00e9 et d\u2019adresse doivent \u00eatre incluses dans vos demandes. Pour que les demandes soient faites au nom de quelqu&#039;un d&#039;autre, une procuration contenant un pouvoir sp\u00e9cial est requise. Exprimer clairement vos demandes garantira que la transaction soit effectu\u00e9e rapidement et clairement.<\/p>","protected":false},"excerpt":{"rendered":"<p>Hasta Ayd\u0131nlatma Metni Veri Sorumlusu: Prof. Dr. Demet Tekd\u00f6\u015f Demircio\u011flu Adres: Zuhuratbaba, Haksever Sk. No:12\/b, [&hellip;]<\/p>\n","protected":false},"author":1,"featured_media":0,"parent":0,"menu_order":0,"comment_status":"closed","ping_status":"closed","template":"","meta":{"_gutenify_countdown_timer_type":"fixed","_gutenify_countdown_timer_evergreen_hours":24,"_gutenify_countdown_timer_evergreen_minutes":0,"_gutenify_countdown_timer_date":"","_gutenify_countdown_timer_timezone":"US\/Eastern","_gutenify_countdown_timer_end_action":"none","_gutenify_countdown_timer_hide_selector":"","_gutenify_countdown_timer_redirect_url":"","_joinchat":[],"footnotes":""},"class_list":["post-580","page","type-page","status-publish","hentry"],"_links":{"self":[{"href":"https:\/\/demetdemircioglu.com\/fr\/wp-json\/wp\/v2\/pages\/580","targetHints":{"allow":["GET"]}}],"collection":[{"href":"https:\/\/demetdemircioglu.com\/fr\/wp-json\/wp\/v2\/pages"}],"about":[{"href":"https:\/\/demetdemircioglu.com\/fr\/wp-json\/wp\/v2\/types\/page"}],"author":[{"embeddable":true,"href":"https:\/\/demetdemircioglu.com\/fr\/wp-json\/wp\/v2\/users\/1"}],"replies":[{"embeddable":true,"href":"https:\/\/demetdemircioglu.com\/fr\/wp-json\/wp\/v2\/comments?post=580"}],"version-history":[{"count":0,"href":"https:\/\/demetdemircioglu.com\/fr\/wp-json\/wp\/v2\/pages\/580\/revisions"}],"wp:attachment":[{"href":"https:\/\/demetdemircioglu.com\/fr\/wp-json\/wp\/v2\/media?parent=580"}],"curies":[{"name":"wp","href":"https:\/\/api.w.org\/{rel}","templated":true}]}}