{"id":583,"date":"2024-04-06T10:43:22","date_gmt":"2024-04-06T07:43:22","guid":{"rendered":"https:\/\/demetdemircioglu.com\/?page_id=583"},"modified":"2024-04-06T10:43:24","modified_gmt":"2024-04-06T07:43:24","slug":"cerez-politikasi","status":"publish","type":"page","link":"https:\/\/demetdemircioglu.com\/fr\/politique-de-cookies\/","title":{"rendered":"Politique en mati\u00e8re de cookies"},"content":{"rendered":"<p>Nous souhaitons vous informer, nos pr\u00e9cieux visiteurs, sur les types de cookies utilis\u00e9s sur notre site Web, leurs finalit\u00e9s d&#039;utilisation et sur la mani\u00e8re de g\u00e9rer et de supprimer les param\u00e8tres de ces cookies. Vous pouvez visiter notre site Web sans partager vos informations personnelles et r\u00e9pondre \u00e0 vos besoins en obtenant des informations sur nos traitements et services. Nous utilisons des cookies pour collecter des informations sur votre utilisation du site et pour am\u00e9liorer continuellement notre site Web. Notre objectif est d&#039;offrir du confort aux utilisateurs qui visitent notre site Web et d&#039;am\u00e9liorer le fonctionnement du site.<\/p>\n<p>Qu&#039;est-ce qu&#039;un cookie ?<br \/>\nLes petits fichiers texte enregistr\u00e9s sur votre appareil via votre navigateur lorsque vous visitez un site Web sont appel\u00e9s cookies. Les cookies permettent non seulement de rendre les sites Web plus efficaces, mais permettent \u00e9galement de fournir des pages personnalis\u00e9es pour am\u00e9liorer votre exp\u00e9rience de visite personnelle.<\/p>\n<p>Types de cookies et finalit\u00e9s d&#039;utilisation\u00a0:<br \/>\nLes cookies sont divis\u00e9s en permanents et temporaires en fonction de leurs p\u00e9riodes de validit\u00e9. Des cookies obligatoires, des cookies de fonctionnalit\u00e9, des cookies de performance et d&#039;analyse ainsi que des cookies de ciblage et de publicit\u00e9 sont utilis\u00e9s sur notre site Internet.<\/p>\n<p>Cookies obligatoires\u00a0: utilis\u00e9s pour ex\u00e9cuter les fonctions de base de notre site Web.<br \/>\nCookies de fonctionnalit\u00e9\u00a0:\u00a0nous aident \u00e0 m\u00e9moriser les pr\u00e9f\u00e9rences de l&#039;utilisateur.<br \/>\nCookies de performance et d&#039;analyse : utilis\u00e9s pour mesurer et am\u00e9liorer les performances de notre site Web.<br \/>\nCookies de ciblage et de publicit\u00e9\u00a0: nous permettent de diffuser des publicit\u00e9s pertinentes et personnalis\u00e9es.<br \/>\nComment les cookies sont-ils collect\u00e9s ?<br \/>\nLes cookies sont collect\u00e9s via les appareils \u00e0 partir desquels vous acc\u00e9dez \u00e0 votre navigateur, et ces informations sont sp\u00e9cifiques \u00e0 votre appareil uniquement.<\/p>\n<p>Notre politique de confidentialit\u00e9\u00a0:<br \/>\nVos droits en mati\u00e8re de confidentialit\u00e9 et de s\u00e9curit\u00e9 sont essentiels pour nous. L&#039;infrastructure et les pr\u00e9cautions les plus fiables ont \u00e9t\u00e9 prises pour prot\u00e9ger la confidentialit\u00e9 de vos informations personnelles.<\/p>\n<p>Comment pouvez-vous contr\u00f4ler les cookies\u00a0?<br \/>\nLes navigateurs acceptent g\u00e9n\u00e9ralement automatiquement les cookies, mais vous pouvez supprimer les cookies ou emp\u00eacher leur enregistrement dans votre navigateur si vous le souhaitez. Les param\u00e8tres de gestion des cookies peuvent varier selon les navigateurs. Pour des informations d\u00e9taill\u00e9es, vous pouvez consulter le menu d&#039;aide de votre navigateur.<\/p>\n<p>Pour contr\u00f4ler les cookies sur votre appareil mobile\u00a0:<\/p>\n<p>Appareils iOS\u00a0: vous pouvez suivre \u00ab\u00a0Param\u00e8tres -&gt; Safari -&gt; Supprimer l&#039;historique et les donn\u00e9es du site Web\u00a0\u00bb.<br \/>\nAppareils Android\u00a0: vous pouvez utiliser l&#039;option \u00ab Application Chrome -&gt; Param\u00e8tres -&gt; Confidentialit\u00e9 -&gt; Effacer les donn\u00e9es de navigation \u00bb.<br \/>\nLa suppression des cookies peut vous faire perdre certaines de vos pr\u00e9f\u00e9rences sur notre site Web et certaines fonctions de notre site Web peuvent ne pas fonctionner correctement. Vous pouvez visiter le lien sur notre site Web pour notre texte d&#039;information KVKK sur les cookies.<\/p>","protected":false},"excerpt":{"rendered":"<p>Web sitemizde kullan\u0131lan \u00e7erez t\u00fcrleri, kullan\u0131m ama\u00e7lar\u0131 ve bu \u00e7erezlerin ayarlar\u0131n\u0131n nas\u0131l y\u00f6netilip silinece\u011fi hakk\u0131nda [&hellip;]<\/p>\n","protected":false},"author":1,"featured_media":0,"parent":0,"menu_order":0,"comment_status":"closed","ping_status":"closed","template":"","meta":{"_joinchat":[],"footnotes":""},"class_list":["post-583","page","type-page","status-publish","hentry"],"_links":{"self":[{"href":"https:\/\/demetdemircioglu.com\/fr\/wp-json\/wp\/v2\/pages\/583","targetHints":{"allow":["GET"]}}],"collection":[{"href":"https:\/\/demetdemircioglu.com\/fr\/wp-json\/wp\/v2\/pages"}],"about":[{"href":"https:\/\/demetdemircioglu.com\/fr\/wp-json\/wp\/v2\/types\/page"}],"author":[{"embeddable":true,"href":"https:\/\/demetdemircioglu.com\/fr\/wp-json\/wp\/v2\/users\/1"}],"replies":[{"embeddable":true,"href":"https:\/\/demetdemircioglu.com\/fr\/wp-json\/wp\/v2\/comments?post=583"}],"version-history":[{"count":0,"href":"https:\/\/demetdemircioglu.com\/fr\/wp-json\/wp\/v2\/pages\/583\/revisions"}],"wp:attachment":[{"href":"https:\/\/demetdemircioglu.com\/fr\/wp-json\/wp\/v2\/media?parent=583"}],"curies":[{"name":"wp","href":"https:\/\/api.w.org\/{rel}","templated":true}]}}